{"id":231,"date":"2021-10-07T08:21:37","date_gmt":"2021-10-07T08:21:37","guid":{"rendered":"http:\/\/abc-impex.ro\/?page_id=231"},"modified":"2021-10-11T08:17:23","modified_gmt":"2021-10-11T08:17:23","slug":"politica-de-confidentialitate-abc-impex-ro","status":"publish","type":"page","link":"http:\/\/abc-impex.ro\/?page_id=231","title":{"rendered":"POLITICA DE CONFIDEN\u0162IALITATE abc-impex.ro"},"content":{"rendered":"\n<p><\/p>\n\n\n\n<p>Consider\u0103m asigurarea dreptului la protec\u021bia datelor cu caracter personal ca un angajament fundamental, prin urmare vom dedica toate resursele \u0219i eforturile necesare pentru a prelucra datele dumneavoastr\u0103 \u00een deplin\u0103 concordan\u021b\u0103 cu Regulamentul (UE) 2016\/679&nbsp;<strong>(\u201cRegulamentul general privind protec\u021bia datelor\u201d<\/strong>&nbsp;sau&nbsp;<strong>\u201cGDPR\u201d)<\/strong>, precum \u0219i cu orice alt\u0103 legisla\u021bie aplicabil\u0103 pe teritoriul Romaniei.<\/p>\n\n\n\n<p>\u00centruc\u00e2t unul dintre principiile esen\u021biale ale acestui cadrul legal \u00eel reprezint\u0103 transparen\u021ba, am preg\u0103tit acest document prin care dorim s\u0103 v\u0103 inform\u0103m despre modul \u00een care colect\u0103m, utiliz\u0103m, transfer\u0103m \u0219i protej\u0103m datele dvs cu caracter personal atunci c\u00e2nd interac\u021biona\u021bi cu noi \u00een leg\u0103tur\u0103 cu produsele \u0219i serviciile noastre, inclusiv prin site-ul nostru web (<a href=\"http:\/\/www.abc-impex.ro\">abc-impex.ro<\/a>).<\/p>\n\n\n\n<p>Ne rezerv\u0103m dreptul de a actualiza \u0219i modifica periodic aceast\u0103 Politic\u0103 de Confiden\u021bialitate, pentru a reflecta orice modific\u0103ri ale modului \u00een care prelucr\u0103m datele dumneavoastr\u0103 cu caracter personal sau orice modific\u0103ri ale cerin\u021belor legale. \u00cen cazul oric\u0103rei astfel de modific\u0103ri, vom afi\u0219a pe website-ul nostru versiunea modificat\u0103 a Politicii de Confiden\u021bialitate, motiv pentru care v\u0103 rug\u0103m s\u0103 verifica\u021bi periodic con\u021binutul acestei Politici de Confiden\u021bialitate.<\/p>\n\n\n\n<ol class=\"wp-block-list\"><li><strong>Cine suntem \u0219i cum ne pute\u021bi contacta<\/strong><\/li><\/ol>\n\n\n\n<p>ABC-IMPEX SRL este o persoan\u0103 juridic\u0103 rom\u00e2n\u0103, cu sediul \u00een Odorheiu Secuiesc, str Rakoczi Ferenc, Nr.98, jud. Harghita, \u00eenregistrat\u0103 la Registrul Comer\u021bului sub nr. J19\/861\/1991, cod unic de \u00eenregistrare RO527184. &nbsp;\u00cen sensul legisla\u021biei cu privire la protec\u021bia datelor, suntem operator atunci c\u00e2nd prelucr\u0103m datele dvs. cu caracter personal.<\/p>\n\n\n\n<p>Suntem \u00eentotdeauna deschi\u0219i s\u0103 v\u0103 furniz\u0103m orice informa\u021bii suplimentare de care a\u021bi putea avea nevoie cu privire la prelucrarea datelor dvs, v\u0103 \u00eencuraj\u0103m s\u0103 ne contacta\u021bi&nbsp;la adresa de e-mail&nbsp;<a href=\"mailto:office@abc-impex.ro\">office@abc-impex.ro<\/a>&nbsp;,&nbsp;prin po\u0219t\u0103 sau curier la adresa&nbsp;str. Rakoczi Ferenc nr 98, Odorheiu Secuiesc, jud. Harghita.<\/p>\n\n\n\n<ol class=\"wp-block-list\" start=\"2\"><li><strong>Ce prelucrare face obiectul prezentei Note de Informare?<\/strong><\/li><\/ol>\n\n\n\n<p>Aceast\u0103 Not\u0103 de informare se aplic\u0103 prelucr\u0103rii datelor cu caracter personal ale:<\/p>\n\n\n\n<ul class=\"wp-block-list\"><li>partenerilor no\u015ftri contractuali precum furnizori, v\u00e2nz\u0103tori, clien\u021bi (\u201eParteneri comerciali\u201d);<\/li><li>vizitatorilor \u0219i utilizatorilor site-lui nostru care poate fi accesat la adresa&nbsp;<a href=\"http:\/\/www.abc-impex.ro\">abc-impex.ro<\/a><\/li><\/ul>\n\n\n\n<ol class=\"wp-block-list\" start=\"3\"><li><strong>Ce informa\u021bii colect\u0103m despre dumneavoastr\u0103<\/strong><\/li><\/ol>\n\n\n\n<p>\u00cen general, colect\u0103m datele dvs. cu caracter personal direct de la dumneavoastr\u0103, astfel \u00eenc\u00e2t ave\u021bi controlul asupra tipului de informa\u021bie pe care ne-o oferi\u021bi. De exemplu, primim informa\u021bii de la dvs. astfel:<\/p>\n\n\n\n<ul class=\"wp-block-list\"><li>c\u00e2nd plasa\u021bi o comand\u0103, ne furniza\u021bi informa\u021bii precum: produsul dorit, numele si prenumele, adresa de livrare, detalii de facturare, metoda de plat\u0103, num\u0103r de telefon, datele cardului bancar etc.<\/li><\/ul>\n\n\n\n<p>Putem, de asemenea, s\u0103 colect\u0103m \u0219i s\u0103 prelucr\u0103m ulterior anumite informa\u021bii cu privire la comportamentul dvs \u00een timpul vizit\u0103rii site-ului nostru web sau a folosirii aplica\u021biei smartphone, pentru a v\u0103 personaliza experien\u021ba online \u0219i a v\u0103 pune la dispozi\u021bie oferte adaptate profilului dvs. V\u0103 invit\u0103m s\u0103 afla\u021bi mai multe detalii \u00een acest sens prin consultarea sec\u021biunii privitoare la scopurile prelucr\u0103rii de mai jos.<\/p>\n\n\n\n<p>Pe site-ul nostru web \u0219i \u00een aplica\u021bia smartphone putem stoca \u0219i colecta informa\u021bii \u00een cookie-uri \u0219i tehnologii similare, conform Politicii de cookie-uri.<\/p>\n\n\n\n<p>Nu colect\u0103m \u0219i nu prelucr\u0103m \u00een alt mod date sensibile, incluse de Regulamentul general privind protec\u021bia datelor \u00een categorii speciale de date cu caracter personal. De asemenea, nu dorim s\u0103 colect\u0103m sau s\u0103 prelucr\u0103m date ale minorilor care nu au \u00eemplinit varsta de 16 ani.<\/p>\n\n\n\n<ol class=\"wp-block-list\" start=\"4\"><li><strong>Cum folosim datele cu caracter personal \u0219i care este temeiul juridic al prelucr\u0103rii<\/strong><\/li><\/ol>\n\n\n\n<p>Vom utiliza datele dvs. cu caracter personal \u00een urm\u0103toarele scopuri:<\/p>\n\n\n\n<p>Prelucrarea datelor dvs. pentru aceste scopuri este \u00een cele mai multe cazuri necesar\u0103 pentru \u00eencheierea \u0219i executarea unui contract \u00eentre ABC-IMPEX SRL \u0219i dvs. De asemenea, anumite prelucr\u0103ri subsumate acestor scopuri sunt impuse de legisla\u021bia aplicabil\u0103, inclusiv legisla\u021bia fiscal\u0103 \u0219i contabil\u0103.<\/p>\n\n\n\n<ul class=\"wp-block-list\"><li><strong><u>pentru \u00eembun\u0103t\u0103\u021birea serviciilor noastre<\/u><\/strong><\/li><\/ul>\n\n\n\n<p>Ne dorim \u00een permanen\u021b\u0103 s\u0103 v\u0103 oferim cea mai bun\u0103 experien\u021b\u0103 de cump\u0103rare online. Pentru aceasta, putem colecta \u0219i utiliza anumite informa\u021bii \u00een leg\u0103tur\u0103 cu comportamentul dvs. de Cump\u0103r\u0103tor, v\u0103 putem invita s\u0103 completa\u021bi chestionare de satisfac\u021bie subsecvent finaliz\u0103rii unei comenzi sau putem desf\u0103\u0219ura, direct sau cu ajutorul unor parteneri, studii \u0219i cercet\u0103ri de pia\u021b\u0103.<\/p>\n\n\n\n<p>Ne \u00eentemeiem aceste activit\u0103\u021bi pe interesul nostru legitim de a desf\u0103\u0219ura activit\u0103\u021bi comerciale, av\u00e2nd \u00eentotdeauna grij\u0103 ca drepturile \u0219i libert\u0103\u021bile dvs. fundamentale s\u0103 nu fie afectate.<\/p>\n\n\n\n<ul class=\"wp-block-list\"><li><strong><u>pentru marketing<\/u><\/strong><\/li><\/ul>\n\n\n\n<p>Vrem s\u0103 v\u0103 \u021binem la curent cu privire la cele mai bune oferte pentru produsele\/serviciile care v\u0103 intereseaz\u0103. \u00cen acest sens, v\u0103 putem trimite orice tip de mesaj (cum ar fi: e-mail\/SMS\/telefonic\/ etc.)&nbsp; con\u021bin\u00e2nd informa\u021bii generale \u0219i tematice, informa\u021bii cu privire la produse similare sau complementare cu cele pe care le-a\u021bi achizi\u021bionat, informa\u021bii cu privire la oferte sau promo\u021bii, precum \u0219i alte comunic\u0103ri comerciale cum ar fi cercet\u0103ri de pia\u021b\u0103 \u0219i sondaje de opinie.<\/p>\n\n\n\n<p>Ne asigur\u0103m \u00eentotdeauna c\u0103 aceste prelucr\u0103ri se efectueaz\u0103 cu respectarea drepturilor \u0219i libert\u0103\u021bilor dvs. \u0219i c\u0103 deciziile luate \u00een baza acestora nu au efecte legale asupra dvs. \u0219i nu v\u0103&nbsp; afecteaz\u0103 similar \u00eentr-o m\u0103sur\u0103 semnificativ\u0103.<\/p>\n\n\n\n<ul class=\"wp-block-list\"><li><strong><u>pentru ap\u0103rarea intereselor noastre legitime<\/u><\/strong><\/li><\/ul>\n\n\n\n<p>Pot exista situa\u021bii \u00een care vom folosi sau transmite informa\u021bii pentru a ne proteja drepturile \u0219i activitatea comercial\u0103. Acestea pot include:<\/p>\n\n\n\n<ul class=\"wp-block-list\"><li>m\u0103suri de protec\u021bie a site-ului web \u0219i a utilizatorilor platformei \u201eABC-Impex SRL\u201d fa\u021b\u0103 de atacuri cibernetice:<\/li><li>m\u0103suri de prevenire \u0219i detectare a tentativelor de fraudare, inclusiv transmiterea unor informa\u021bii c\u0103tre autorit\u0103\u021bile publice competente;<\/li><li>m\u0103suri de gestionare a diverselor altor riscuri.<\/li><\/ul>\n\n\n\n<p>Temeiul general al acestor tipuri de prelucr\u0103ri este interesul nostru legitim de a ne ap\u0103ra activitatea comercial\u0103, fiind \u00een\u021beles c\u0103 ne asigur\u0103m c\u0103 toate m\u0103surile pe care le lu\u0103m garanteaz\u0103 un echilibru \u00eentre interesele noastre \u0219i drepturile \u0219i libert\u0103\u021bile dvs. fundamentale.<\/p>\n\n\n\n<ol class=\"wp-block-list\" start=\"5\"><li><strong>C\u00e2t timp p\u0103str\u0103m datele dvs. cu caracter personal<\/strong><\/li><\/ol>\n\n\n\n<p>Ca regul\u0103 general\u0103, vom stoca datele dvs. cu caracter personal. Pute\u021bi s\u0103 ne solicita\u021bi oric\u00e2nd \u0219tergerea anumitor informa\u021bii \u0219i vom da curs acestor solicit\u0103ri, sub rezerva p\u0103str\u0103rii anumitor informa\u021bii inclusiv ulterior \u00eenchiderii contului, \u00een situa\u021biile \u00een care legisla\u021bia aplicabil\u0103 sau interesele noastre legitime o impun.<\/p>\n\n\n\n<ol class=\"wp-block-list\" start=\"6\"><li><strong>Cui transmitem datele dvs. cu caracter personal<\/strong><\/li><\/ol>\n\n\n\n<p>Nu vindem datele dumneavoastr\u0103 cu caracter personal unor ter\u021be p\u0103r\u021bi.<\/p>\n\n\n\n<p>\u00cen cadrul societ\u0103\u021bii, doar un num\u0103r limitat de persoane, cum ar fi cei din departamentele de V\u00e2nz\u0103ri, Produc\u021bie, Controlul Calit\u0103\u021bii \u0219i IT au acces la datele dumneavoastr\u0103 cu caracter personal. Persoanele implicate sunt supu\u0219i unor obliga\u021bii de confiden\u021bialitate cu privire la datele cu caracter personal. M\u0103suri tehnice \u0219i organizatorice adecvate sunt luate pentru protec\u021bia datelor cu caracter personal. Persoanele implicate din cadrul societ\u0103\u021bii au dreptul s\u0103 gestioneze datele cu caracter personal numai la instruc\u021biunile Companiei \u0219i, dac\u0103 este necesar, \u00een leg\u0103tur\u0103 cu responsabilit\u0103\u021bile de serviciu.<\/p>\n\n\n\n<p>Datele cu caracter personal pot fi comunicate autorit\u0103\u021bilor guvernamentale \u0219i\/sau organelor de aplicare a legii, dac\u0103 acest lucru este impus de legile aplicabile sau dac\u0103 este necesar pentru exercitarea drepturilor noastre, inclusiv a condi\u021biilor de utilizare, sau pentru protejarea intereselor noastre legitime (inclusiv a intereselor legitime ale unor ter\u021be p\u0103r\u021bi) \u00een conformitate cu legile aplicabile.<\/p>\n\n\n\n<p>Datele dumneavoastr\u0103 cu caracter personal pot fi, de asemenea, divulgate unor ter\u021be p\u0103r\u021bi, inclusiv:<\/p>\n\n\n\n<ul class=\"wp-block-list\"><li>furnizori de servicii care ofer\u0103 sprijin administrativ (ex. furnizori de servicii de curierat), societ\u0103\u021bii pentru suport IT, de securitate \u0219i resurse comerciale;<\/li><li>furnizorii de servicii de analiz\u0103 \u0219i de motoare de c\u0103utare care ne ajut\u0103 \u00een \u00eembun\u0103t\u0103\u021birea \u0219i optimizarea Website-urilor noastre.<\/li><\/ul>\n\n\n\n<p>Compania poate dezv\u0103lui, de asemenea, date cu caracter personal \u00een cazul \u00een care ne revine o obliga\u021bie legal\u0103 sau dac\u0103 este necesar pentru a ne ap\u0103ra un interes legitim.<\/p>\n\n\n\n<ol class=\"wp-block-list\" start=\"7\"><li><strong>Drepturile dumneavoastr\u0103<\/strong><\/li><\/ol>\n\n\n\n<p>Pute\u021bi s\u0103 ne solicita\u021bi s\u0103 v\u0103 confirm\u0103m dac\u0103 datele dumneavoastr\u0103 cu caracter personal sunt sau nu prelucrate de noi, s\u0103 v\u0103 furniz\u0103m o copie a datelor dumneavoastr\u0103 cu caracter personal \u0219i\/sau s\u0103 le corect\u0103m. \u00cen anumite circumstan\u021be, ave\u021bi dreptul s\u0103 ne solicita\u021bi s\u0103 \u0219tergem datele dumneavoastr\u0103 cu caracter personal sau, \u00een baza dreptului la portabilitate, s\u0103 ne cere\u021bi s\u0103 transfer\u0103m o parte din datele dumneavoastr\u0103 cu caracter personal c\u0103tre dumneavoastr\u0103 sau c\u0103tre alte entit\u0103\u021bi. Ave\u021bi, de asemenea, dreptul de a v\u0103 opune unor prelucr\u0103ri ale datelor dumneavoastr\u0103 cu caracter personal (de exemplu, utilizarea prelucr\u0103rii \u00een scopuri de marketing direct sau anumitor decizii luate numai prin prelucrare automatizat\u0103 (inclusiv crearea de profiluri). \u00cen cazul \u00een care v-am solicitat consim\u021b\u0103m\u00e2ntul pentru prelucrarea datelor cu caracter personal, ave\u021bi dreptul s\u0103 retrage\u021bi acest consim\u021b\u0103m\u00e2nt f\u0103r\u0103 efecte negative asupra dumneavoastr\u0103. \u00cen cazul \u00een care prelucr\u0103m datele dumneavoastr\u0103 cu caracter personal deoarece avem un interes legitim \u00een a proceda astfel (dup\u0103 cum s-a explicat mai sus), ave\u021bi, de asemenea, dreptul de a v\u0103 opune acestei prelucr\u0103ri. De asemenea, ave\u021bi dreptul s\u0103 restric\u021biona\u021bi prelucrarea datelor dumneavoastr\u0103 cu caracter personal \u00een anumite circumstan\u021be.<\/p>\n\n\n\n<p>Re\u021bine\u021bi faptul c\u0103 drepturile dumneavoastr\u0103 descrise mai sus pot fi limitate \u00een anumite situa\u021bii \u0219i fac obiectul legilor \u0219i reglement\u0103rilor aplicabile privind protec\u021bia datelor cu caracter personal; de exemplu, dreptul dumneavoastr\u0103 de a v\u0103 opune prelucr\u0103rii datelor dumneavoastr\u0103 cu caracter personal poate fi limitat \u00een cazul \u00een care putem demonstra c\u0103 avem motive legitime conving\u0103toare pentru a prelucra datele dumneavoastr\u0103 cu caracter personal care prevaleaz\u0103 fa\u021b\u0103 de interesele dumneavoastr\u0103. Va trebui s\u0103 v\u0103 dovedi\u021bi identitatea \u0219i s\u0103 ne oferi\u021bi alte detalii care s\u0103 ne ajute s\u0103 r\u0103spundem cererii dumneavoastr\u0103. Nu vom percepe o tax\u0103 pentru a r\u0103spunde cererii dumneavoastr\u0103 cu excep\u021bia cazului \u00een care acest lucru este permis de lege \u0219i, \u00een cazul \u00een care se percepe o astfel de tax\u0103, aceasta va fi rezonabil\u0103 \u0219i propor\u021bional\u0103 cu cererea dumneavoastr\u0103. Dac\u0103 dori\u021bi s\u0103 v\u0103 exercita\u021bi aceste drepturi, v\u0103 rug\u0103m s\u0103 ne contacta\u021bi prin intermediul persoanelor de contact men\u021bionate mai jos.<\/p>\n\n\n\n<p>Cu toate acestea, ave\u021bi, de asemenea, dreptul de a depune o reclama\u021bie la autorit\u0103\u021bile de supraveghere privind protec\u021bia datelor.<\/p>\n\n\n\n<ol class=\"wp-block-list\" start=\"8\"><li><strong>Securitatea datelor<\/strong><\/li><\/ol>\n\n\n\n<p>P\u0103str\u0103m datele dumneavoastr\u0103 pe serverele noastre. Folosim m\u0103suri tehnice \u0219i organizatorice adecvate, menite s\u0103 v\u0103 protejeze datele cu caracter personal \u0219i s\u0103 \u00eempiedice accesul neautorizat.<\/p>\n\n\n\n<p>Transmiterea datelor prin internet nu este complet sigur\u0103. De\u0219i vom face tot posibilul pentru a v\u0103 proteja datele, nu putem garanta securitatea datelor dumneavoastr\u0103 transmise pe Website-urile noastre; orice transmisie se face pe propriul dumneavoastr\u0103 risc. Dup\u0103 ce primim datele dumneavoastr\u0103, vom folosi proceduri stricte \u0219i caracteristici de securitate pentru a \u00eencerca s\u0103 \u00eempiedic\u0103m accesul neautorizat.<\/p>\n\n\n\n<ol class=\"wp-block-list\" start=\"9\"><li><strong>Fi\u0219ierele de tip Cookie \u0219i widgeturi de comunicare social\u0103<\/strong><\/li><\/ol>\n\n\n\n<p>Website-ul nostru utilizeaz\u0103 fi\u0219iere de tip Cookie pentru a v\u0103 distinge de ceilal\u021bi Utilizatori. Acest lucru ne ajut\u0103 s\u0103 v\u0103 oferim o experien\u021b\u0103 bun\u0103 atunci c\u00e2nd naviga\u021bi pe Website \u0219i ne permite, de asemenea, s\u0103 ne \u00eembun\u0103t\u0103\u021bim Website-ul. Aceast\u0103 prelucrare se bazeaz\u0103 pe consim\u021b\u0103m\u00e2ntul dumneavoastr\u0103 exprimat pe Website-ul noastre sau prin set\u0103rile din browserul dumneavoastr\u0103. Pentru informa\u021bii detaliate despre fi\u0219ierel de tip Cookie pe care le folosim, c\u00e2t timp le folosim \u0219i despre scopurile pentru care le folosim, consulta\u021bi Politica noastr\u0103 privind fi\u0219ierele de tip cookie <\/p>\n\n\n\n<p>Website-urile noastre pot include func\u021bii de comunicare social\u0103, cum ar fi buton Facebook, Twitter, Instagram, LinkedIn sau Youtube. Aceste func\u021bii pot colecta informa\u021bii despre dumneavoastr\u0103, cum ar fi adresa IP \u0219i website-urile pe care le vizita\u021bi, \u0219i pot seta un fi\u0219ier de tip cookie pentru a \u00eei permite s\u0103 func\u021bioneze corect. Prelucrarea acestor informa\u021bii prin intermediul interac\u021biunilor cu aceste caracteristici este guvernat\u0103 de nota de informare\/politica privind confiden\u021bialitatea a companiei care le furnizeaz\u0103 (consulta\u021bi sec\u021biunea privind drepturile dumneavoastr\u0103 de mai sus).<\/p>\n\n\n\n<ol class=\"wp-block-list\" start=\"10\"><li><strong>Linkuri c\u0103tre alte website-uri<\/strong><\/li><\/ol>\n\n\n\n<p>Website-ul nostru poate furniza linkuri c\u0103tre website-uri pe care Compania nu le controleaz\u0103. Dup\u0103 ce face\u021bi clic pe un link al unei ter\u021be p\u0103r\u021bi, ve\u021bi fi direc\u021bionat(\u0103) c\u0103tre website-ul ter\u021bei p\u0103r\u021bi. Dac\u0103 vizita\u021bi oricare dintre aceste website-uri conectate, trebuie s\u0103 analiza\u021bi politicile lor privind confiden\u021bialitatea. Nu suntem responsabili pentru politicile \u0219i practicile altor companii. Compania noastr\u0103 nu controleaz\u0103 \u0219i nu \u00ee\u0219i asum\u0103 nicio responsabilitate pentru con\u021binutul, politicile privind confiden\u021bialitatea \u0219i notele de informare sau practicile website-urilor sau serviciilor ter\u021belor p\u0103r\u021bi.<\/p>\n\n\n\n<ol class=\"wp-block-list\" start=\"11\"><li><strong>Contact<\/strong><\/li><\/ol>\n\n\n\n<p>Dac\u0103 ave\u021bi nel\u0103muriri cu privire la prelucrarea datelor dumneavoastr\u0103 cu caracter personal sau dac\u0103 dori\u021bi s\u0103 v\u0103 exercita\u021bi un drept, pute\u021bi contacta la adresa&nbsp;<a href=\"mailto:office@abc-impex.ro\" target=\"_blank\" rel=\"noreferrer noopener\">office@abc-impex.ro<\/a> sau pute\u021bi transmite o scrisoare la adresa: Odorheiu Secuiesc, Strada Rakoczi Ferenc, Nr.98, jud. Harghita.<\/p>\n\n\n\n<p>*** Ultima actualizare: 07.10.2021<\/p>\n\n\n\n<p>V\u0103 rug\u0103m s\u0103 consulta\u021bi aceast\u0103 Not\u0103 de informare periodic pentru orice modific\u0103ri.<\/p>\n","protected":false},"excerpt":{"rendered":"<p>Consider\u0103m asigurarea dreptului la protec\u021bia datelor cu caracter personal ca un angajament fundamental, prin urmare vom dedica toate resursele \u0219i eforturile necesare pentru a prelucra datele dumneavoastr\u0103 \u00een deplin\u0103 concordan\u021b\u0103 cu Regulamentul (UE) 2016\/679&nbsp;(\u201cRegulamentul general privind protec\u021bia datelor\u201d&nbsp;sau&nbsp;\u201cGDPR\u201d), precum \u0219i cu orice alt\u0103 legisla\u021bie aplicabil\u0103 pe teritoriul Romaniei. \u00centruc\u00e2t unul dintre principiile esen\u021biale ale acestui &hellip;<\/p>\n<p class=\"read-more\"> <a class=\"\" href=\"http:\/\/abc-impex.ro\/?page_id=231\"> <span class=\"screen-reader-text\">POLITICA DE CONFIDEN\u0162IALITATE abc-impex.ro<\/span> Read More &raquo;<\/a><\/p>\n","protected":false},"author":1,"featured_media":0,"parent":0,"menu_order":0,"comment_status":"closed","ping_status":"closed","template":"","meta":{"site-sidebar-layout":"default","site-content-layout":"default","ast-main-header-display":"disabled","ast-hfb-above-header-display":"","ast-hfb-below-header-display":"","ast-hfb-mobile-header-display":"disabled","site-post-title":"","ast-breadcrumbs-content":"","ast-featured-img":"","footer-sml-layout":"","theme-transparent-header-meta":"default","adv-header-id-meta":"","stick-header-meta":"","header-above-stick-meta":"","header-main-stick-meta":"","header-below-stick-meta":"","footnotes":""},"class_list":["post-231","page","type-page","status-publish","hentry"],"featured_image_urls_v2":{"full":"","thumbnail":"","medium":"","medium_large":"","large":"","1536x1536":"","2048x2048":""},"post_excerpt_stackable_v2":"<p>Consider\u0103m asigurarea dreptului la protec\u021bia datelor cu caracter personal ca un angajament fundamental, prin urmare vom dedica toate resursele \u0219i eforturile necesare pentru a prelucra datele dumneavoastr\u0103 \u00een deplin\u0103 concordan\u021b\u0103 cu Regulamentul (UE) 2016\/679&nbsp;(\u201cRegulamentul general privind protec\u021bia datelor\u201d&nbsp;sau&nbsp;\u201cGDPR\u201d), precum \u0219i cu orice alt\u0103 legisla\u021bie aplicabil\u0103 pe teritoriul Romaniei. \u00centruc\u00e2t unul dintre principiile esen\u021biale ale acestui cadrul legal \u00eel reprezint\u0103 transparen\u021ba, am preg\u0103tit acest document prin care dorim s\u0103 v\u0103 inform\u0103m despre modul \u00een care colect\u0103m, utiliz\u0103m, transfer\u0103m \u0219i protej\u0103m datele dvs cu caracter personal atunci c\u00e2nd interac\u021biona\u021bi cu noi \u00een leg\u0103tur\u0103 cu produsele \u0219i serviciile noastre, inclusiv prin site-ul nostru&hellip;<\/p>\n","category_list_v2":"","author_info_v2":{"name":"abcimpex","url":"http:\/\/abc-impex.ro\/?author=1"},"comments_num_v2":"0 comments","_links":{"self":[{"href":"http:\/\/abc-impex.ro\/index.php?rest_route=\/wp\/v2\/pages\/231","targetHints":{"allow":["GET"]}}],"collection":[{"href":"http:\/\/abc-impex.ro\/index.php?rest_route=\/wp\/v2\/pages"}],"about":[{"href":"http:\/\/abc-impex.ro\/index.php?rest_route=\/wp\/v2\/types\/page"}],"author":[{"embeddable":true,"href":"http:\/\/abc-impex.ro\/index.php?rest_route=\/wp\/v2\/users\/1"}],"replies":[{"embeddable":true,"href":"http:\/\/abc-impex.ro\/index.php?rest_route=%2Fwp%2Fv2%2Fcomments&post=231"}],"version-history":[{"count":2,"href":"http:\/\/abc-impex.ro\/index.php?rest_route=\/wp\/v2\/pages\/231\/revisions"}],"predecessor-version":[{"id":348,"href":"http:\/\/abc-impex.ro\/index.php?rest_route=\/wp\/v2\/pages\/231\/revisions\/348"}],"wp:attachment":[{"href":"http:\/\/abc-impex.ro\/index.php?rest_route=%2Fwp%2Fv2%2Fmedia&parent=231"}],"curies":[{"name":"wp","href":"https:\/\/api.w.org\/{rel}","templated":true}]}}