{"id":236,"date":"2021-10-07T08:28:28","date_gmt":"2021-10-07T08:28:28","guid":{"rendered":"http:\/\/abc-impex.ro\/?page_id=236"},"modified":"2021-10-11T08:18:21","modified_gmt":"2021-10-11T08:18:21","slug":"politica-de-cookies","status":"publish","type":"page","link":"http:\/\/abc-impex.ro\/?page_id=236","title":{"rendered":"Politica de Cookies"},"content":{"rendered":"\n<h4 class=\"wp-block-heading\"><strong>1. Politica Cookie-uri a site-ului www.abc-impex.ro<\/strong><\/h4>\n\n\n\n<p>1.1&nbsp; Aceast\u0103 politic\u0103 se refer\u0103 la cookie-urile \u0219i pagina web www.abc-impex.ro operat de ABC-Impex SRL cu sediul social \u00een Odorheiu Secuiesc, str. Rakoczi Ferenc, nr. 98, (denumit\u0103 \u00een continuare ABC-Impex).<\/p>\n\n\n\n<p>1.2&nbsp; Informa\u021biile prezentate \u00een continuare au scopul de a aduce la cuno\u0219tinta utilizatorului mai multe detalii despre plasarea, utilizarea \u0219i administrarea \u201ccookie\u201d-urilor utilizate de site-ul www.abc-impex.ro<\/p>\n\n\n\n<h4 class=\"wp-block-heading\"><strong>2. Ce sunt Cookie-urile?<\/strong><\/h4>\n\n\n\n<p>2.1&nbsp; Cookie-ul este un fi\u0219ier de mici dimensiuni, format din litere \u0219i numere, care va fi stocat pe computerul, terminalul mobil sau altor echipamente ale unui utilizator de pe care se acceseaz\u0103 internetul. Cookie-ul este instalat prin solicitarea emis\u0103 de c\u0103tre un web-server unui browser (ex: Internet Explorer, Chrome) \u0219i este complet \u201cpasiv\u201d (nu con\u021bine programe software, viru\u0219i sau spyware \u0219i nu poate accesa informa\u021biile de pe hard driverul utilizatorului).<\/p>\n\n\n\n<h4 class=\"wp-block-heading\"><strong>3. La ce sunt folosite Cookie-urile?<\/strong><\/h4>\n\n\n\n<p>3.1&nbsp; Aceste fi\u0219iere fac posibil\u0103 recunoa\u0219terea terminalului utilizatorului \u0219i prezentarea con\u021binutului \u00eentr-un mod relevant, adaptat preferin\u021belor utilizatorului. Cookie-urile asigur\u0103 utilizatorilor o experien\u021b\u0103 pl\u0103cut\u0103 de navigare \u0219i sus\u021bin eforturile ABC-Impex pentru a oferi servicii comfortabile utilizatorilor: ex: \u2013 preferin\u021bele \u00een materie de confiden\u021bialitate online, co\u0219ul de cump\u0103r\u0103turi sau publicitate relevant\u0103. De asemenea, sunt utilizate \u00een preg\u0103tirea unor statistici anonime agregate care ne ajut\u0103 s\u0103 \u00een\u021belegem cum un utilizator beneficiaz\u0103 de paginile noastre web, permit\u00e2ndu-ne \u00eembun\u0103t\u0103\u021birea structurii \u0219i continutului lor, excluz\u00e2nd identificarea personal\u0103 a utilizatorului.<\/p>\n\n\n\n<p><strong>4. Ce Cookie-uri folosim?<\/strong><\/p>\n\n\n\n<p>4.1&nbsp; Folosim dou\u0103 tipuri de Cookie-uri: per sesiune \u0219i fixe. Cele din urm\u0103 sunt fi\u0219iere temporare ce r\u0103m\u00e2n \u00een terminalul utilizatorului p\u00e2n\u0103 la terminarea sesiunii sau \u00eenchiderea aplica\u021biei (browser-ului web).<\/p>\n\n\n\n<p>4.2&nbsp; Fi\u0219ierele fixe r\u0103m\u00e2n pe terminalul utilizatorului pe o perioad\u0103 \u00een parametrii Cookie-ului sau p\u00e2n\u0103 sunt \u0219terse manual de utilizator.<\/p>\n\n\n\n<p>4.3&nbsp; \u00cen cazul \u00een care dori\u021bi s\u0103 elimina\u021bi fi\u0219ierele de tip cookie stocate pe dispozitivele dvs. \u0219i s\u0103 configura\u021bi browserul dvs. web astfel \u00eenc\u00e2t s\u0103 refuze fi\u0219iere de tip cookie, pute\u021bi s\u0103 utiliza\u021bi set\u0103rile privind preferin\u021bele din browser-ul dvs. web.<\/p>\n\n\n\n<h4 class=\"wp-block-heading\"><strong>5. Cum sunt folosite cookie-urile de c\u0103tre acest site?<\/strong><\/h4>\n\n\n\n<p>5.1&nbsp; O vizit\u0103 pe acest site poate plasa cookie-uri \u00een scopuri de:<\/p>\n\n\n\n<ul class=\"wp-block-list\"><li>Cookie-uri de performan\u021b\u0103 a site-ului<\/li><li>Cookie-uri de analiz\u0103 a vizitatorilor<\/li><li>Cookie-uri pentru geotargetting<\/li><li>Cookie-uri de \u00eenregistrare<\/li><li>Cookie-uri pentru publicitate<\/li><li>Cookie-uri ale furnizorilor de publicitate<\/li><\/ul>\n\n\n\n<p>5.2&nbsp; Acest tip de cookie re\u021bine preferin\u021bele utilizatorului pe acest site, a\u0219a \u00eenc\u00e2t nu mai este nevoie de setarea lor la fiecare vizitare a site-ului.<\/p>\n\n\n\n<h4 class=\"wp-block-heading\"><strong>6. Con\u021bin Cookie-urile date personale?<\/strong><\/h4>\n\n\n\n<p>6.1&nbsp; Cookie-urile \u00een sine nu solicit\u0103 informa\u021bii cu caracter personal pentru a putea fi utilizate \u0219i, \u00een cele mai multe cazuri, nu identific\u0103 personal utilizatorii de internet.<\/p>\n\n\n\n<p>6.2&nbsp; Datele personale colectate prin utilizarea Cookie-urilor pot fi colectate doar pentru a facilita anumite func\u021bionalit\u0103\u021bi pentru utilizator. Atare date sunt criptate \u00eentr-un mod care face imposibil accesul persoanelor neautorizate la ele.<\/p>\n\n\n\n<h4 class=\"wp-block-heading\"><strong>7. \u0218tergerea Cookie-urilor<\/strong><\/h4>\n\n\n\n<p>7.1&nbsp; \u00cen general, o aplica\u021bie folosit\u0103 pentru accesarea paginilor web permite salvarea Cookie-urilor pe terminal \u00een mod implicit. Aceste set\u0103ri pot fi schimbate \u00een a\u0219a fel \u00eenc\u00e2t administrarea automat\u0103 a Cookie-urilor s\u0103 fie blocat\u0103 de browser-ul web sau utilizatorul s\u0103 fie informat de fiecare dat\u0103 c\u00e2nd Cookie-uri sunt trimise c\u0103tre terminalul s\u0103u. Informa\u021bii detaliate despre posibilit\u0103\u021bile \u0219i modurile de administrare a Cookie-urilor pot fi g\u0103site \u00een zona de set\u0103ri a aplica\u021biei (browser-ului web). Limitarea folosirii Cookie-urilor poate afecta anumite func\u021bionalit\u0103\u021bi ale paginii web.<\/p>\n\n\n\n<p>7.2&nbsp; De&nbsp;obicei, pute\u021bi g\u0103si set\u0103rile de navigare referitoare la fi\u0219iere de tip cookie \u00een meniurile \u201eOp\u021biuni\u201d, \u201eInstrumente\u201d sau \u201ePreferin\u021be\u201d din browserul web pe care \u00eel utiliza\u021bi pentru a accesa Website-ul nostru.<\/p>\n\n\n\n<p>7.3&nbsp; Pentru a ob\u021bine mai multe informa\u021bii, v\u0103 rug\u0103m s\u0103 vizita\u021bi website-ul browserelor dvs.:<\/p>\n\n\n\n<ul class=\"wp-block-list\"><li>Set\u0103ri cookie \u00een Firefox \u2013 <a href=\"https:\/\/support.mozilla.org\/en-US\/kb\/enable-and-disable-cookies-website-preferences\">Firefox<\/a><\/li><li>Set\u0103ri cookie \u00een Chrome \u2013&nbsp;<a href=\"https:\/\/support.google.com\/chrome\/answer\/95647?hl=en&amp;hlrm=en\">Chrome<\/a><\/li><li>Set\u0103ri cookie \u00een Opera \u2013&nbsp;<a href=\"https:\/\/help.opera.com\/en\/opera-tutorials\/turn-on-operas-ad-blocker\/\">Opera<\/a><\/li><\/ul>\n\n\n\n<p>7.4&nbsp; Pentru a afla mai multe despre fi\u0219ierele de tip cookie, v\u0103 rug\u0103m s\u0103 vizita\u021bi&nbsp;<a href=\"http:\/\/www.allaboutcookies.org\/\">www.allaboutcookies.org<\/a>&nbsp;sau s\u0103 vede\u021bi&nbsp;<a href=\"http:\/\/www.youronlinechoices.eu\/\">www.youronlinechoices.eu<\/a>, care con\u021bine informa\u021bii suplimentare privind publicitatea comportamental\u0103 \u0219i via\u021ba privat\u0103 online.<\/p>\n\n\n\n<h4 class=\"wp-block-heading\"><strong>8. De ce sunt cookie-urile importante pentru Internet?<\/strong><\/h4>\n\n\n\n<p>8.1&nbsp; Cookie-urile reprezint\u0103 punctul central al func\u021bion\u0103rii eficiente a Internetului, ajut\u00e2nd la generarea unei experien\u021be de navigare prietenoase \u0219i adaptat\u0103 preferin\u021belor \u0219i intereselor fiec\u0103rui utilizator.<\/p>\n\n\n\n<p>8.2&nbsp; Refuzarea sau dezactivarea cookieurilor poate face unele site-uri imposibil de folosit.<br>Refuzarea sau dezactivarea cookie-urilor nu \u00eenseamna c\u0103 nu ve\u021bi mai primi publicitate online \u2013 ci doar ca aceasta nu va mai putea \u021bine cont de preferin\u021bele \u0219i interesele dvs, eviden\u021biate prin comportamentul de navigare.<\/p>\n\n\n\n<p>8.3&nbsp; Exemple de \u00eentrebuin\u021b\u0103ri importante ale cookieurilor (care nu necesit\u0103 autentificarea unui utilizator prin intermediul unui cont):<\/p>\n\n\n\n<ul class=\"wp-block-list\"><li>Con\u021binut \u0219i servicii adaptate preferin\u021belor utilizatorului \u2013 categorii de produse \u0219i servicii.<\/li><li>Oferte adaptate pe interesele utilizatorilor \u2013 re\u021binerea parolelor.<\/li><li>Re\u021binerea filtrelor de protec\u021bie a copiilor privind con\u021binutul pe Internet (op\u021biuni family mode, func\u021bii de safe search).<\/li><li>Limitarea frecven\u021bei de difuzare a reclamelor \u2013 limitarea num\u0103rului de afi\u0219\u0103ri a unei reclame pentru un anumit utilizator pe un site.<\/li><li>Furnizarea de publicitate mai relevant\u0103 pentru utilizator.<\/li><li>M\u0103surarea, optimizarea \u0219i caracteristicile de analytics \u2013 cum ar fi confirmarea unui anumit nivel de trafic pe un website, ce tip de con\u021binut este vizualizat \u0219i modul cum un utilizator ajunge pe un website (ex. prin motoare de c\u0103utare, direct, din alte website-uri etc). Website-urile deruleaz\u0103 aceste analize a utiliz\u0103rii lor pentru a \u00eembun\u0103t\u0103\u021bi site-urile \u00een beneficiul userilor.<\/li><\/ul>\n\n\n\n<h4 class=\"wp-block-heading\"><strong>9. Securitate \u0219i probleme legate de confiden\u021bialitate<\/strong><\/h4>\n\n\n\n<p>9.1&nbsp; Cookie-urile NU sunt viru\u0219i! Ele folosesc formate tip plain text. Nu sunt alc\u0103tuite din buc\u0103\u021bi de cod a\u0219a c\u0103 nu pot fi executate nici nu pot auto-rula. \u00cen consecin\u021b\u0103, nu se pot duplica sau replica pe alte re\u021bele pentru a se rula sau replica din nou. Deoarece nu pot \u00eendeplini aceste func\u021bii, nu pot fi considerate viru\u0219i.<\/p>\n\n\n\n<p>9.2&nbsp; Cookie-urile pot fi totu\u0219i folosite pentru scopuri negative. Deoarece stocheaz\u0103 informa\u021bii despre preferin\u021bele \u0219i istoricul de navigare al utilizatorilor, at\u00e2t pe un anume site c\u00e2t \u0219i pe mai multe alte siteuri, cookie-urile pot fi folosite ca o form\u0103 de Spyware. Multe produse anti-spyware sunt con\u0219tiente de acest fapt \u0219i \u00een mod constant marcheaz\u0103 cookie-urile pentru a fi \u0219terse \u00een cadrul procedurilor de \u0219tergere\/scanare anti-virus\/anti-spyware.<\/p>\n\n\n\n<p>9.3&nbsp; \u00cen general browserele au integrate set\u0103ri de confiden\u021bialitate care furnizeaz\u0103 diferite nivele de acceptare a cookie-urilor, perioada de valabilitate \u0219i \u0219tergere automat\u0103 dup\u0103 ce utilizatorul a vizitat un anumit site.<\/p>\n\n\n\n<p>9.4&nbsp; Alte aspecte de securitate legate de cookie-uri:<\/p>\n\n\n\n<p>Deoarece protec\u021bia identit\u0103\u021bii este foarte valoroas\u0103 \u0219i reprezint\u0103 dreptul fiec\u0103rui utilizator de internet, este indicat s\u0103 se \u0219tie ce eventuale probleme pot crea cookie-urile. Pentru ca prin intermediul lor se transmit \u00een mod constant \u00een ambele sensuri informa\u021bii \u00eentre browser \u0219i website, dac\u0103 un atacator sau persoan\u0103 neautorizat\u0103 intervine \u00een parcursul de transmitere a datelor, informa\u021biile con\u021binute de cookie pot fi interceptate.<br>De\u0219i foarte rar, acest lucru se poate \u00eent\u00e2mpla dac\u0103 browserul se conecteaz\u0103 la server folosind o re\u021bea necriptat\u0103 (ex: o re\u021bea WiFi nesecurizat\u0103).<\/p>\n\n\n\n<p>9.5&nbsp; Alte atacuri bazate pe cookie implic\u0103 set\u0103ri gre\u0219ite ale cookie-urilor pe servere. Dac\u0103 un website nu solicit\u0103 browserului s\u0103 foloseasc\u0103 doar canale criptate, atacatorii pot folosi aceast\u0103 vulnerabilitate pentru a p\u0103c\u0103li browserele \u00een a trimite informa\u021bii prin intermediul canalelor nesecurizate. Atacatorii utilizeaz\u0103 apoi informa\u021biile \u00een scopuri de a accesa neautorizat anumite site-uri. Este foarte important s\u0103 fi\u021bi aten\u021bi \u00een alegerea metodei celei mai potrivite de protec\u021bie a informa\u021biilor personale.<\/p>\n","protected":false},"excerpt":{"rendered":"<p>1. Politica Cookie-uri a site-ului www.abc-impex.ro 1.1&nbsp; Aceast\u0103 politic\u0103 se refer\u0103 la cookie-urile \u0219i pagina web www.abc-impex.ro operat de ABC-Impex SRL cu sediul social \u00een Odorheiu Secuiesc, str. Rakoczi Ferenc, nr. 98, (denumit\u0103 \u00een continuare ABC-Impex). 1.2&nbsp; Informa\u021biile prezentate \u00een continuare au scopul de a aduce la cuno\u0219tinta utilizatorului mai multe detalii despre plasarea, utilizarea &hellip;<\/p>\n<p class=\"read-more\"> <a class=\"\" href=\"http:\/\/abc-impex.ro\/?page_id=236\"> <span class=\"screen-reader-text\">Politica de Cookies<\/span> Read More &raquo;<\/a><\/p>\n","protected":false},"author":1,"featured_media":0,"parent":0,"menu_order":0,"comment_status":"closed","ping_status":"closed","template":"","meta":{"site-sidebar-layout":"default","site-content-layout":"default","ast-main-header-display":"disabled","ast-hfb-above-header-display":"","ast-hfb-below-header-display":"","ast-hfb-mobile-header-display":"disabled","site-post-title":"","ast-breadcrumbs-content":"","ast-featured-img":"","footer-sml-layout":"","theme-transparent-header-meta":"default","adv-header-id-meta":"","stick-header-meta":"","header-above-stick-meta":"","header-main-stick-meta":"","header-below-stick-meta":"","footnotes":""},"class_list":["post-236","page","type-page","status-publish","hentry"],"featured_image_urls_v2":{"full":"","thumbnail":"","medium":"","medium_large":"","large":"","1536x1536":"","2048x2048":""},"post_excerpt_stackable_v2":"<p>1. Politica Cookie-uri a site-ului www.abc-impex.ro 1.1&nbsp; Aceast\u0103 politic\u0103 se refer\u0103 la cookie-urile \u0219i pagina web www.abc-impex.ro operat de ABC-Impex SRL cu sediul social \u00een Odorheiu Secuiesc, str. Rakoczi Ferenc, nr. 98, (denumit\u0103 \u00een continuare ABC-Impex). 1.2&nbsp; Informa\u021biile prezentate \u00een continuare au scopul de a aduce la cuno\u0219tinta utilizatorului mai multe detalii despre plasarea, utilizarea \u0219i administrarea \u201ccookie\u201d-urilor utilizate de site-ul www.abc-impex.ro 2. Ce sunt Cookie-urile? 2.1&nbsp; Cookie-ul este un fi\u0219ier de mici dimensiuni, format din litere \u0219i numere, care va fi stocat pe computerul, terminalul mobil sau altor echipamente ale unui utilizator de pe care se acceseaz\u0103 internetul. Cookie-ul&hellip;<\/p>\n","category_list_v2":"","author_info_v2":{"name":"abcimpex","url":"http:\/\/abc-impex.ro\/?author=1"},"comments_num_v2":"0 comments","_links":{"self":[{"href":"http:\/\/abc-impex.ro\/index.php?rest_route=\/wp\/v2\/pages\/236","targetHints":{"allow":["GET"]}}],"collection":[{"href":"http:\/\/abc-impex.ro\/index.php?rest_route=\/wp\/v2\/pages"}],"about":[{"href":"http:\/\/abc-impex.ro\/index.php?rest_route=\/wp\/v2\/types\/page"}],"author":[{"embeddable":true,"href":"http:\/\/abc-impex.ro\/index.php?rest_route=\/wp\/v2\/users\/1"}],"replies":[{"embeddable":true,"href":"http:\/\/abc-impex.ro\/index.php?rest_route=%2Fwp%2Fv2%2Fcomments&post=236"}],"version-history":[{"count":3,"href":"http:\/\/abc-impex.ro\/index.php?rest_route=\/wp\/v2\/pages\/236\/revisions"}],"predecessor-version":[{"id":349,"href":"http:\/\/abc-impex.ro\/index.php?rest_route=\/wp\/v2\/pages\/236\/revisions\/349"}],"wp:attachment":[{"href":"http:\/\/abc-impex.ro\/index.php?rest_route=%2Fwp%2Fv2%2Fmedia&parent=236"}],"curies":[{"name":"wp","href":"https:\/\/api.w.org\/{rel}","templated":true}]}}